{"id":2986,"date":"2024-02-07T12:25:41","date_gmt":"2024-02-07T11:25:41","guid":{"rendered":"https:\/\/appartamentosantasevera.imagoweb.eu\/?page_id=2986"},"modified":"2025-03-13T20:09:01","modified_gmt":"2025-03-13T19:09:01","slug":"i-dintorni","status":"publish","type":"page","link":"https:\/\/appartamentosantasevera.imagoweb.eu\/index.php\/i-dintorni\/","title":{"rendered":"I dintorni"},"content":{"rendered":"<div class=\"gb-container gb-container-d0e971d3 alignfull\"><div class=\"gb-inside-container\">\n<div class=\"gb-container gb-container-d817080e\">\n\n<h2 class=\"gb-headline gb-headline-4c253941 gb-headline-text\">I dintorni<\/h2>\n\n<\/div>\n<\/div><\/div>\n\n<div class=\"gb-container gb-container-51fb8b43\">\n<div class=\"gb-container gb-container-8365c888\">\n<div class=\"gb-container gb-container-03c041b5\">\n\n<p class=\"gb-headline gb-headline-f3ec0003 gb-headline-text\">Santa Severa, incantevole localit\u00e0 sulla costa laziale, \u00e8 una delle mete pi\u00f9 affascinanti del litorale romano. Situata a soli 50 km dalla capitale, offre il perfetto equilibrio tra tranquillit\u00e0 e comodit\u00e0, ideale sia per chi cerca una residenza stabile che per chi desidera una seconda casa vicino al mare.<br>Questa localit\u00e0 \u00e8 rinomata per le sue spiagge sabbiose e il suggestivo <strong>Castello di Santa Severa<\/strong>, un gioiello medievale affacciato direttamente sulla costa, che regala scorci mozzafiato e un&#8217;atmosfera unica. <br>In estate la localit\u00e0 si riempie di vita con i ristoranti di pesce con vista sul mare, stabilimenti balneari attrezzati, un&#8217;ampia offerta di attivit\u00e0 all&#8217;aria aperta e stimolanti proposte culturali. <br>Si possono scegliere passeggiate lungo la costa, sport acquatici, escursioni nella vicina <strong>Riserva Naturale di Macchiatonda<\/strong>, lezioni di pilates o joga sulla spiaggia, o una tra le numerose attivit\u00e0 culturali che vengono organizzate nella suggestiva cornice del Castello.<br>Ben collegata a Roma tramite la ferrovia e l&#8217;autostrada A12, Santa Severa \u00e8 la scelta perfetta per chi desidera un&#8217;oasi di pace senza rinunciare alla comodit\u00e0 di raggiungere la citt\u00e0 in poco tempo.<\/p>\n\n<\/div>\n<\/div>\n<\/div>\n\n<div class=\"gb-container gb-container-668db45e\">\n<div class=\"gb-container gb-container-4361ca90\">\n<div class=\"gb-grid-wrapper gb-grid-wrapper-73c8fcb2\">\n<div class=\"gb-grid-column gb-grid-column-46376326\"><div class=\"gb-container gb-container-46376326\">\n\n<div class=\"wp-block-cover\"><span aria-hidden=\"true\" class=\"wp-block-cover__background has-background-dim-20 has-background-dim\" style=\"background-color:#8d6b81\"><\/span><img loading=\"lazy\" decoding=\"async\" width=\"1240\" height=\"930\" class=\"wp-block-cover__image-background wp-image-3173\" alt=\"\" src=\"https:\/\/appartamentosantasevera.imagoweb.eu\/wp-content\/uploads\/2025\/03\/spiaggia.jpg\" data-object-fit=\"cover\" srcset=\"https:\/\/appartamentosantasevera.imagoweb.eu\/wp-content\/uploads\/2025\/03\/spiaggia.jpg 1240w, https:\/\/appartamentosantasevera.imagoweb.eu\/wp-content\/uploads\/2025\/03\/spiaggia-300x225.jpg 300w, https:\/\/appartamentosantasevera.imagoweb.eu\/wp-content\/uploads\/2025\/03\/spiaggia-1024x768.jpg 1024w, https:\/\/appartamentosantasevera.imagoweb.eu\/wp-content\/uploads\/2025\/03\/spiaggia-768x576.jpg 768w\" sizes=\"auto, (max-width: 1240px) 100vw, 1240px\" \/><div class=\"wp-block-cover__inner-container is-layout-flow wp-block-cover-is-layout-flow\">\n<p class=\"has-text-align-center has-large-font-size\">La spiaggia<\/p>\n<\/div><\/div>\n\n\n<div class=\"gb-container gb-container-83c09aea\">\n\n<p>La spiaggia di Santa Severa \u00e8 una delle poche spiaggie di sabbia bianca del litorale laziale. La comodit\u00e0 della spiaggia, i fondali dolcemente digradanti e le zone di balneazione delimitate dai frangiflutti la rendono la scelta perfetta per famiglie e gli amanti del relax.<\/p>\n\n\n\n<p>Ci\u00f2 che rende unica questa spiaggia \u00e8 la spettacolare vista sul <strong>Castello di Santa Severa<\/strong>, che sorge a pochi metri dalla riva, creando un panorama suggestivo e senza tempo. L&#8217;area offre sia tratti di spiaggia libera che stabilimenti balneari attrezzati con lettini, ombrelloni e servizi per il massimo comfort.<\/p>\n\n<\/div>\n<\/div><\/div>\n\n<div class=\"gb-grid-column gb-grid-column-ac410e00\"><div class=\"gb-container gb-container-ac410e00\">\n\n<div class=\"wp-block-cover\"><span aria-hidden=\"true\" class=\"wp-block-cover__background has-contrast-background-color has-background-dim-40 has-background-dim\"><\/span><img loading=\"lazy\" decoding=\"async\" width=\"1240\" height=\"930\" class=\"wp-block-cover__image-background wp-image-3174\" alt=\"\" src=\"https:\/\/appartamentosantasevera.imagoweb.eu\/wp-content\/uploads\/2025\/03\/il-castello.jpg\" data-object-fit=\"cover\" srcset=\"https:\/\/appartamentosantasevera.imagoweb.eu\/wp-content\/uploads\/2025\/03\/il-castello.jpg 1240w, https:\/\/appartamentosantasevera.imagoweb.eu\/wp-content\/uploads\/2025\/03\/il-castello-300x225.jpg 300w, https:\/\/appartamentosantasevera.imagoweb.eu\/wp-content\/uploads\/2025\/03\/il-castello-1024x768.jpg 1024w, https:\/\/appartamentosantasevera.imagoweb.eu\/wp-content\/uploads\/2025\/03\/il-castello-768x576.jpg 768w\" sizes=\"auto, (max-width: 1240px) 100vw, 1240px\" \/><div class=\"wp-block-cover__inner-container is-layout-flow wp-block-cover-is-layout-flow\">\n<p class=\"has-text-align-center has-large-font-size\">Il Castello<\/p>\n<\/div><\/div>\n\n\n<div class=\"gb-container gb-container-37e19eb1\">\n\n<p>Il <strong>Castello di Santa Severa<\/strong> \u00e8 un&#8217;antica fortezza affacciata direttamente sul mare, che regala panorami mozzafiato e un&#8217;atmosfera senza tempo. Risalente al XIV secolo, il castello sorge su un&#8217;area di origine etrusca e romana, ricca di storia e fascino.<br>Oggi il castello \u00e8 un importante <strong>polo culturale e turistico<\/strong>, aperto al pubblico per visite guidate che permettono di scoprire la sua storia, le torri panoramiche, il borgo medievale e gli spazi museali.<br>Durante l\u2019anno, il castello ospita numerosi eventi e attivit\u00e0 culturali, tra cui <strong>Laboratori didattici <\/strong>, <strong>Mostre d\u2019arte e fotografia<\/strong>, <strong>Rappresentazioni teatrali e concerti<\/strong>, spesso allestiti nel cortile interno o nelle sale affrescate, <strong>Festival letterari<\/strong>, <strong>Visite notturne e rievocazioni storiche<\/strong>.<\/p>\n\n<\/div>\n<\/div><\/div>\n\n<div class=\"gb-grid-column gb-grid-column-0f0808da\"><div class=\"gb-container gb-container-0f0808da\">\n\n<div class=\"wp-block-cover\"><span aria-hidden=\"true\" class=\"wp-block-cover__background has-contrast-background-color has-background-dim\"><\/span><img loading=\"lazy\" decoding=\"async\" width=\"1240\" height=\"930\" class=\"wp-block-cover__image-background wp-image-3179\" alt=\"\" src=\"https:\/\/appartamentosantasevera.imagoweb.eu\/wp-content\/uploads\/2025\/03\/santa-severa.jpg\" data-object-fit=\"cover\" srcset=\"https:\/\/appartamentosantasevera.imagoweb.eu\/wp-content\/uploads\/2025\/03\/santa-severa.jpg 1240w, https:\/\/appartamentosantasevera.imagoweb.eu\/wp-content\/uploads\/2025\/03\/santa-severa-300x225.jpg 300w, https:\/\/appartamentosantasevera.imagoweb.eu\/wp-content\/uploads\/2025\/03\/santa-severa-1024x768.jpg 1024w, https:\/\/appartamentosantasevera.imagoweb.eu\/wp-content\/uploads\/2025\/03\/santa-severa-768x576.jpg 768w\" sizes=\"auto, (max-width: 1240px) 100vw, 1240px\" \/><div class=\"wp-block-cover__inner-container is-layout-flow wp-block-cover-is-layout-flow\">\n<p class=\"has-text-align-center has-large-font-size\">Santa Severa<\/p>\n<\/div><\/div>\n\n\n<div class=\"gb-container gb-container-24589c0b\">\n\n<p>La localit\u00e0 gode di una particolare conformazione e collocazione che rendono il suo clima molto mite. Proprio grazie alla sua conformazione e alla sua collocazione strategica \u00e8 stata abitata sin dal Neolitico. Prima porto etrusco, poi colonia romana, Nel Medioevo, il borgo divenne un importante avamposto fortificato, con la costruzione del maestoso <strong>Castello di Santa Severa<\/strong> nel XIV secolo, ancora oggi simbolo della localit\u00e0. Il castello fu nei secoli propriet\u00e0 di potenti famiglie nobiliari. In epoca fascista inizi\u00f2 il suo sviluppo come localit\u00e0 balneare grazie alla salubrit\u00e0 della sua aria e alla sua vicinanza con Roma.<br>Oggi Santa Severa presenta un interessante mix di storia, bellezza naturale e comodit\u00e0 moderna.<\/p>\n\n<\/div>\n<\/div><\/div>\n\n<div class=\"gb-grid-column gb-grid-column-7105cf48\"><div class=\"gb-container gb-container-7105cf48\">\n\n<div class=\"wp-block-cover\"><span aria-hidden=\"true\" class=\"wp-block-cover__background has-contrast-background-color has-background-dim\"><\/span><img loading=\"lazy\" decoding=\"async\" width=\"1240\" height=\"930\" class=\"wp-block-cover__image-background wp-image-3177\" alt=\"\" src=\"https:\/\/appartamentosantasevera.imagoweb.eu\/wp-content\/uploads\/2025\/03\/santa-marinella.jpg\" data-object-fit=\"cover\" srcset=\"https:\/\/appartamentosantasevera.imagoweb.eu\/wp-content\/uploads\/2025\/03\/santa-marinella.jpg 1240w, https:\/\/appartamentosantasevera.imagoweb.eu\/wp-content\/uploads\/2025\/03\/santa-marinella-300x225.jpg 300w, https:\/\/appartamentosantasevera.imagoweb.eu\/wp-content\/uploads\/2025\/03\/santa-marinella-1024x768.jpg 1024w, https:\/\/appartamentosantasevera.imagoweb.eu\/wp-content\/uploads\/2025\/03\/santa-marinella-768x576.jpg 768w\" sizes=\"auto, (max-width: 1240px) 100vw, 1240px\" \/><div class=\"wp-block-cover__inner-container is-layout-flow wp-block-cover-is-layout-flow\">\n<p class=\"has-text-align-center has-base-3-color has-text-color has-link-color has-large-font-size wp-elements-f05ee651f064de7f117f6b4128730085\">Santa Marinella<\/p>\n<\/div><\/div>\n\n\n<div class=\"gb-container gb-container-eace2022\">\n\n<p>La copertura delle montagne che la riparano dai venti del nord e il parco naturale protetto che ne purificano l&#8217;aria le hanno valso il titolo di <strong>Perla Del Tirreno<\/strong>. <br>La costa frastagliata, ricca di baie e insenature, offre inoltre le condizioni per la pratica sportiva del\u00a0<strong>surf da onda<\/strong>. Santa Marinella \u00e8 la vera e propria\u00a0<strong>citt\u00e0 del surf\u00a0<\/strong>con oltre 13 punti riconosciuti da surfisti di ogni livello.\u00a0<br>Il\u00a0centro di Santa Marinella\u00a0\u00e8 facilmente visitabile a piedi, percorrendo le sue pittoresche vie. Passeggiare per la cittadina \u00e8 un tuffo nell&#8217;epoca liberty con signorili dimore come \u00a0<em><strong>Villa Bettina<\/strong><\/em>\u00a0e\u00a0<em><strong>Villa Borruso<\/strong><\/em>. L&#8217;elegante\u00a0<strong>centro storico<\/strong>\u00a0non ha insomma nulla da invidiare alla bellezza delle spiagge.<\/p>\n\n<\/div>\n<\/div><\/div>\n\n<div class=\"gb-grid-column gb-grid-column-06704fb7\"><div class=\"gb-container gb-container-06704fb7\">\n\n<div class=\"wp-block-cover\"><span aria-hidden=\"true\" class=\"wp-block-cover__background has-contrast-background-color has-background-dim\"><\/span><img loading=\"lazy\" decoding=\"async\" width=\"1240\" height=\"930\" class=\"wp-block-cover__image-background wp-image-3180\" alt=\"\" src=\"https:\/\/appartamentosantasevera.imagoweb.eu\/wp-content\/uploads\/2025\/03\/grottini.jpg\" data-object-fit=\"cover\" srcset=\"https:\/\/appartamentosantasevera.imagoweb.eu\/wp-content\/uploads\/2025\/03\/grottini.jpg 1240w, https:\/\/appartamentosantasevera.imagoweb.eu\/wp-content\/uploads\/2025\/03\/grottini-300x225.jpg 300w, https:\/\/appartamentosantasevera.imagoweb.eu\/wp-content\/uploads\/2025\/03\/grottini-1024x768.jpg 1024w, https:\/\/appartamentosantasevera.imagoweb.eu\/wp-content\/uploads\/2025\/03\/grottini-768x576.jpg 768w\" sizes=\"auto, (max-width: 1240px) 100vw, 1240px\" \/><div class=\"wp-block-cover__inner-container is-layout-flow wp-block-cover-is-layout-flow\">\n<p class=\"has-text-align-center has-large-font-size\">I Grottini<\/p>\n<\/div><\/div>\n\n\n<div class=\"gb-container gb-container-3cce0ace\">\n\n<p>Situati al confine nord di Santa Severa, e opposti al castello medievale, i <strong>Grottini<\/strong> sono un&#8217;area della costa caratterizzata da spiagge sassose e una scogliera di tufo. Questa parete di pietra rossa friabile, con le sue numerose rientranze e protuberanze, offre suggestive soluzioni per gli amanti delle spiaggie rocciose che possono godere dei suoi tranquilli anfratti.<\/p>\n\n<\/div>\n<\/div><\/div>\n\n<div class=\"gb-grid-column gb-grid-column-27cbb22c\"><div class=\"gb-container gb-container-27cbb22c\">\n\n<div class=\"wp-block-cover\"><span aria-hidden=\"true\" class=\"wp-block-cover__background has-contrast-background-color has-background-dim\"><\/span><img loading=\"lazy\" decoding=\"async\" width=\"1240\" height=\"930\" class=\"wp-block-cover__image-background wp-image-3176\" alt=\"\" src=\"https:\/\/appartamentosantasevera.imagoweb.eu\/wp-content\/uploads\/2025\/03\/sabbie-nere.jpg\" data-object-fit=\"cover\" srcset=\"https:\/\/appartamentosantasevera.imagoweb.eu\/wp-content\/uploads\/2025\/03\/sabbie-nere.jpg 1240w, https:\/\/appartamentosantasevera.imagoweb.eu\/wp-content\/uploads\/2025\/03\/sabbie-nere-300x225.jpg 300w, https:\/\/appartamentosantasevera.imagoweb.eu\/wp-content\/uploads\/2025\/03\/sabbie-nere-1024x768.jpg 1024w, https:\/\/appartamentosantasevera.imagoweb.eu\/wp-content\/uploads\/2025\/03\/sabbie-nere-768x576.jpg 768w\" sizes=\"auto, (max-width: 1240px) 100vw, 1240px\" \/><div class=\"wp-block-cover__inner-container is-layout-flow wp-block-cover-is-layout-flow\">\n<p class=\"has-text-align-center has-base-3-color has-text-color has-link-color has-large-font-size wp-elements-a1c65daba5f1f307ef1624818b0dc9af\">Le sabbie nere<\/p>\n<\/div><\/div>\n\n\n<div class=\"gb-container gb-container-44a325a6\">\n\n<p>Le <strong>Sabbie Nere<\/strong> di Santa Severa sono una delle spiagge pi\u00f9 particolari del litorale laziale, caratterizzate dal suggestivo colore scuro della sabbia di origine vulcanica. Questa particolarit\u00e0 \u00e8 dovuta alla vicinanza con i Monti della Tolfa, un\u2019area di antica attivit\u00e0 vulcanica che ha lasciato il segno nella conformazione del territorio.<br>Questa spiaggia, meno affollata rispetto alle tradizionali spiagge sabbiose della zona, offre un\u2019atmosfera pi\u00f9 selvaggia e autentica, ideale per chi cerca un angolo di tranquillit\u00e0 a contatto con la natura.<\/p>\n\n<\/div>\n<\/div><\/div>\n<\/div>\n<\/div>\n<\/div>","protected":false},"excerpt":{"rendered":"<p>I dintorni Santa Severa, incantevole localit\u00e0 sulla costa laziale, \u00e8 una delle mete pi\u00f9 affascinanti del litorale romano. Situata a soli 50 km dalla capitale, offre il perfetto equilibrio tra tranquillit\u00e0 e comodit\u00e0, ideale sia per chi cerca una residenza stabile che per chi desidera una seconda casa vicino al mare.Questa localit\u00e0 \u00e8 rinomata per &#8230; <a title=\"I dintorni\" class=\"read-more\" href=\"https:\/\/appartamentosantasevera.imagoweb.eu\/index.php\/i-dintorni\/\" aria-label=\"Per saperne di pi\u00f9 su I dintorni\">Leggi tutto<\/a><\/p>\n","protected":false},"author":1,"featured_media":0,"parent":0,"menu_order":0,"comment_status":"closed","ping_status":"closed","template":"","meta":{"footnotes":""},"class_list":["post-2986","page","type-page","status-publish"],"_links":{"self":[{"href":"https:\/\/appartamentosantasevera.imagoweb.eu\/index.php\/wp-json\/wp\/v2\/pages\/2986","targetHints":{"allow":["GET"]}}],"collection":[{"href":"https:\/\/appartamentosantasevera.imagoweb.eu\/index.php\/wp-json\/wp\/v2\/pages"}],"about":[{"href":"https:\/\/appartamentosantasevera.imagoweb.eu\/index.php\/wp-json\/wp\/v2\/types\/page"}],"author":[{"embeddable":true,"href":"https:\/\/appartamentosantasevera.imagoweb.eu\/index.php\/wp-json\/wp\/v2\/users\/1"}],"replies":[{"embeddable":true,"href":"https:\/\/appartamentosantasevera.imagoweb.eu\/index.php\/wp-json\/wp\/v2\/comments?post=2986"}],"version-history":[{"count":13,"href":"https:\/\/appartamentosantasevera.imagoweb.eu\/index.php\/wp-json\/wp\/v2\/pages\/2986\/revisions"}],"predecessor-version":[{"id":3210,"href":"https:\/\/appartamentosantasevera.imagoweb.eu\/index.php\/wp-json\/wp\/v2\/pages\/2986\/revisions\/3210"}],"wp:attachment":[{"href":"https:\/\/appartamentosantasevera.imagoweb.eu\/index.php\/wp-json\/wp\/v2\/media?parent=2986"}],"curies":[{"name":"wp","href":"https:\/\/api.w.org\/{rel}","templated":true}]}}